{"id":6378,"date":"2016-05-01T23:37:48","date_gmt":"2016-05-01T23:37:48","guid":{"rendered":"http:\/\/www.nutep.org.br\/portal\/?page_id=6378"},"modified":"2018-08-14T12:52:49","modified_gmt":"2018-08-14T12:52:49","slug":"links","status":"publish","type":"page","link":"http:\/\/www.nutep.org.br\/portal\/links\/","title":{"rendered":"Links"},"content":{"rendered":"<p>Clique no link abaixo para acessar o livro <strong>Aten\u00e7\u00e3o a crian\u00e7as com S\u00edndrome Cong\u00eanita do Zika V\u00edrus<\/strong>.<br \/>\n<a href=\"http:\/\/www.nutep.org.br\/portal\/wp-content\/uploads\/2017\/12\/Livro-Aten\u00e7\u00e3o-A-Crian\u00e7as-Com-S\u00edndrome-Cong\u00eanita-do-Zika-V\u00edrus.pdf\" target=\"_blank\" rel=\"\">Livro Aten\u00e7\u00e3o A Crian\u00e7as Com S\u00edndrome Cong\u00eanita do Zika V\u00edrus<\/a><\/p>\n<p>Clique no link abaixo para acessar o livro <strong>A experi\u00eancia do Estado do Cear\u00e1 no enfrentamento \u00e0 s\u00edndrome cong\u00eanita do Zika V\u00edrus<\/strong>.<br \/>\n<a href=\"http:\/\/www.nutep.org.br\/portal\/wp-content\/uploads\/2018\/02\/Livro-A-experi\u00eancia-do-Estado-do-Cear\u00e1-no-enfrentamento-\u00e0-s\u00edndrome-cong\u00eanita-do-Zika-V\u00edrus.pdf\" target=\"_blank\" rel=\"\">Livro A experi\u00eancia do Estado do Cear\u00e1 no enfrentamento \u00e0 s\u00edndrome cong\u00eanita do Zika V\u00edrus<\/a><\/p>\n<p>Curso:\u00a0<strong>Capacita\u00e7\u00e3o em Transtorno do Espectro Autista: uma abordagem interdisciplinar<\/strong><br \/>\nClique no link abaixo para acessar o conte\u00fado do curso.<br \/>\n<a href=\"http:\/\/www.nutep.org.br\/portal\/wp-content\/uploads\/2018\/08\/CURSO-Capacita\u00e7\u00e3o-em-Transtorno-do-Espectro-Autista-uma-abordagem-interdisciplinar.pdf\" target=\"_blank\" rel=\"\">CURSO Capacita\u00e7\u00e3o em Transtorno do Espectro Autista &#8211; uma abordagem interdisciplinar<\/a><\/p>\n","protected":false},"excerpt":{"rendered":"<p>Clique no link abaixo para acessar o livro Aten\u00e7\u00e3o a crian\u00e7as com S\u00edndrome Cong\u00eanita do Zika V\u00edrus. Livro Aten\u00e7\u00e3o A Crian\u00e7as Com S\u00edndrome Cong\u00eanita do Zika V\u00edrus Clique no link abaixo para acessar o livro A experi\u00eancia do Estado do Cear\u00e1 no enfrentamento \u00e0 s\u00edndrome cong\u00eanita do Zika V\u00edrus. Livro A experi\u00eancia do Estado do&#8230;<\/p>\n","protected":false},"author":1,"featured_media":0,"parent":0,"menu_order":6,"comment_status":"closed","ping_status":"closed","template":"","meta":{"footnotes":""},"class_list":["post-6378","page","type-page","status-publish","hentry"],"_links":{"self":[{"href":"http:\/\/www.nutep.org.br\/portal\/wp-json\/wp\/v2\/pages\/6378","targetHints":{"allow":["GET"]}}],"collection":[{"href":"http:\/\/www.nutep.org.br\/portal\/wp-json\/wp\/v2\/pages"}],"about":[{"href":"http:\/\/www.nutep.org.br\/portal\/wp-json\/wp\/v2\/types\/page"}],"author":[{"embeddable":true,"href":"http:\/\/www.nutep.org.br\/portal\/wp-json\/wp\/v2\/users\/1"}],"replies":[{"embeddable":true,"href":"http:\/\/www.nutep.org.br\/portal\/wp-json\/wp\/v2\/comments?post=6378"}],"version-history":[{"count":5,"href":"http:\/\/www.nutep.org.br\/portal\/wp-json\/wp\/v2\/pages\/6378\/revisions"}],"predecessor-version":[{"id":7028,"href":"http:\/\/www.nutep.org.br\/portal\/wp-json\/wp\/v2\/pages\/6378\/revisions\/7028"}],"wp:attachment":[{"href":"http:\/\/www.nutep.org.br\/portal\/wp-json\/wp\/v2\/media?parent=6378"}],"curies":[{"name":"wp","href":"https:\/\/api.w.org\/{rel}","templated":true}]}}