{"id":6436,"date":"2016-05-04T23:44:17","date_gmt":"2016-05-04T23:44:17","guid":{"rendered":"http:\/\/www.nutep.org.br\/portal\/?page_id=6436"},"modified":"2016-11-18T18:15:53","modified_gmt":"2016-11-18T18:15:53","slug":"centro-de-estudos-e-pesquisas","status":"publish","type":"page","link":"http:\/\/www.nutep.org.br\/portal\/testimonials\/servicos\/centro-de-estudos-e-pesquisas\/","title":{"rendered":"Centro de Estudos e Pesquisas"},"content":{"rendered":"<p style=\"text-align: justify;\">\u00a0 \u00a0 O Centro de Estudos e Pesquisas promove e apoia o desenvolvimento do ensino e da pesquisa na \u00e1rea do desenvolvimento infantil, e em outra \u00e1reas relacionadas \u00e0 sa\u00fade da crian\u00e7as. Trabalha em parceria permanente com os departamentos de Sa\u00fade Materno-Infantil e de Fisioterapia da UFC, com apoio das Pr\u00f3-Reitorias de Pesquisa e P\u00f3s-gradua\u00e7\u00e3o e de Extens\u00e3o. Tem entre seus objetivos: ampliar conhecimentos cient\u00edficos e culturais, promover ou patrocinar cursos e confer\u00eancias na \u00e1rea do desenvolvimento infantil, e treinar profissionais. Coordena ainda todas as atividades acad\u00eamicas desenvolvidas no NUTEP.<\/p>\n<p>Email:\u00a0<a href=\"mailto:nutep.centrodeestudos@gmail.com\" target=\"_blank\">nutep.centrodeestudos@gmail.<wbr \/>com<\/p>\n<p><\/a>Links:<a href=\"http:\/\/www.nutep.org.br\/portal\/wp-content\/uploads\/2016\/11\/CIP-NUTEP_Formulario-de-Cadastramento-dos-Projetos.pdf\" target=\"_blank\"><br \/>\nFormul\u00e1rio de cadastramento dos projetos<\/p>\n<p><\/a><a href=\"http:\/\/www.nutep.org.br\/portal\/wp-content\/uploads\/2016\/11\/Documentos-cam\u00e2ra-de-pesquisa.pdf\" target=\"_blank\">Documenta\u00e7\u00e3o necess\u00e1ria<\/a><\/p>\n","protected":false},"excerpt":{"rendered":"<p>\u00a0 \u00a0 O Centro de Estudos e Pesquisas promove e apoia o desenvolvimento do ensino e da pesquisa na \u00e1rea do desenvolvimento infantil, e em outra \u00e1reas relacionadas \u00e0 sa\u00fade da crian\u00e7as. Trabalha em parceria permanente com os departamentos de Sa\u00fade Materno-Infantil e de Fisioterapia da UFC, com apoio das Pr\u00f3-Reitorias de Pesquisa e P\u00f3s-gradua\u00e7\u00e3o&#8230;<\/p>\n","protected":false},"author":1,"featured_media":0,"parent":6384,"menu_order":1,"comment_status":"closed","ping_status":"closed","template":"","meta":{"footnotes":""},"class_list":["post-6436","page","type-page","status-publish","hentry"],"_links":{"self":[{"href":"http:\/\/www.nutep.org.br\/portal\/wp-json\/wp\/v2\/pages\/6436","targetHints":{"allow":["GET"]}}],"collection":[{"href":"http:\/\/www.nutep.org.br\/portal\/wp-json\/wp\/v2\/pages"}],"about":[{"href":"http:\/\/www.nutep.org.br\/portal\/wp-json\/wp\/v2\/types\/page"}],"author":[{"embeddable":true,"href":"http:\/\/www.nutep.org.br\/portal\/wp-json\/wp\/v2\/users\/1"}],"replies":[{"embeddable":true,"href":"http:\/\/www.nutep.org.br\/portal\/wp-json\/wp\/v2\/comments?post=6436"}],"version-history":[{"count":6,"href":"http:\/\/www.nutep.org.br\/portal\/wp-json\/wp\/v2\/pages\/6436\/revisions"}],"predecessor-version":[{"id":6622,"href":"http:\/\/www.nutep.org.br\/portal\/wp-json\/wp\/v2\/pages\/6436\/revisions\/6622"}],"up":[{"embeddable":true,"href":"http:\/\/www.nutep.org.br\/portal\/wp-json\/wp\/v2\/pages\/6384"}],"wp:attachment":[{"href":"http:\/\/www.nutep.org.br\/portal\/wp-json\/wp\/v2\/media?parent=6436"}],"curies":[{"name":"wp","href":"https:\/\/api.w.org\/{rel}","templated":true}]}}